{"id":75424,"date":"2018-03-12T11:05:23","date_gmt":"2018-03-12T10:05:23","guid":{"rendered":"http:\/\/www.htcontrol.it\/wp\/?page_id=75424"},"modified":"2022-10-21T12:18:51","modified_gmt":"2022-10-21T10:18:51","slug":"homepage-new","status":"publish","type":"page","link":"https:\/\/www.htcontrol.it\/it\/","title":{"rendered":"Controllo e monitoraggio attrezzature per la refrigerazione"},"content":{"rendered":"<p>[vc_row type=&#8221;full_width&#8221;][vc_column][rev_slider_vc alias=&#8221;htcontrol-homepage-it&#8221;][\/vc_column][\/vc_row][vc_row background_color=&#8221;#ffffff&#8221; el_class=&#8221;align-center&#8221; css=&#8221;.vc_custom_1519746522350{padding-top: 70px !important;}&#8221;][vc_column width=&#8221;1\/4&#8243;][vc_single_image image=&#8221;75623&#8243; img_size=&#8221;full&#8221; alignment=&#8221;center&#8221;][vc_empty_space height=&#8221;50px&#8221;][\/vc_column][vc_column width=&#8221;3\/4&#8243;][vc_custom_heading text=&#8221;Una realt\u00e0 evoluta, una certezza per chi si rivolge a settori delicati ed esigenti.&#8221; font_container=&#8221;tag:h2|font_size:30px|text_align:left|color:%231b273d|line_height:100%25&#8243; css=&#8221;.vc_custom_1519826624938{margin-bottom: 15px !important;}&#8221;][vc_column_text]<\/p>\n<p style=\"text-align: left;\">HT Control progetta e realizza dal 1997 piattaforme personalizzabili di controllo e monitoraggio delle attrezzature per la refrigerazione commerciale, farmaceutica e medicale, sistemi all\u2019avanguardia della tecnica, contraddistinti da standard qualitativi particolarmente elevati per ragioni di sicurezza&#8230;<\/p>\n<p>[\/vc_column_text][vc_empty_space height=&#8221;20px&#8221;][vc_btn title=&#8221;Continua&#8230;&#8221; shape=&#8221;square&#8221; color=&#8221;default&#8221; align=&#8221;left&#8221; link=&#8221;url:http%3A%2F%2Fwww.htcontrol.it%2Fwp%2Fazienda%2F|title:Vai%20alla%20sezione||&#8221;][vc_empty_space height=&#8221;15px&#8221;][\/vc_column][\/vc_row][vc_row type=&#8221;full_width&#8221; background_color=&#8221;#ffffff&#8221; el_class=&#8221;align-center&#8221;][vc_column][vc_custom_heading text=&#8221;Piattaforme di controllo per:&#8221; font_container=&#8221;tag:h2|font_size:30px|text_align:center|color:%231b273d|line_height:100%25&#8243; css=&#8221;.vc_custom_1523024378188{margin-top: 0px !important;margin-right: 0px !important;margin-bottom: 0px !important;margin-left: 0px !important;padding-top: 30px !important;padding-right: 20px !important;padding-bottom: 30px !important;padding-left: 20px !important;background-image: url(http:\/\/www.htcontrol.it\/wp\/wp-content\/uploads\/2018\/02\/griglia3px20.png?id=75308) !important;background-position: 0 0 !important;background-repeat: repeat !important;}&#8221;][\/vc_column][\/vc_row][vc_row type=&#8221;full_width&#8221; css=&#8221;.vc_custom_1519746910953{margin-top: 0px !important;margin-right: 0px !important;margin-bottom: 0px !important;margin-left: 0px !important;}&#8221;][vc_column][vc_row_inner equal_height=&#8221;yes&#8221; content_placement=&#8221;middle&#8221;][vc_column_inner el_class=&#8221;htsector&#8221; width=&#8221;1\/3&#8243; offset=&#8221;vc_col-lg-4 vc_col-md-4 vc_col-xs-12&#8243; css=&#8221;.vc_custom_1520871465996{margin-top: 0px !important;margin-right: 0px !important;margin-bottom: 0px !important;margin-left: 0px !important;padding-top: 0px !important;padding-right: 0px !important;padding-bottom: 0px !important;padding-left: 0px !important;background-image: url(http:\/\/www.htcontrol.it\/wp\/wp-content\/uploads\/2018\/03\/htcontrol-sector-hmpg-001.jpg?id=75459) !important;background-position: center !important;background-repeat: no-repeat !important;background-size: cover !important;}&#8221;][vc_empty_space height=&#8221;170px&#8221;][vc_custom_heading text=&#8221;Frigoriferi, congelatori<br \/>\ned espositori per la ristorazione &#8221; font_container=&#8221;tag:h2|font_size:25px|text_align:center|color:%23ffffff|line_height:100%25&#8243; el_class=&#8221;homesector-BOX&#8221; link=&#8221;url:http%3A%2F%2Fwww.htcontrol.it%2Fwp%2Fgamma%2F|||&#8221;][\/vc_column_inner][vc_column_inner el_class=&#8221;htsector&#8221; width=&#8221;1\/3&#8243; offset=&#8221;vc_col-lg-4 vc_col-md-4 vc_col-xs-12&#8243; css=&#8221;.vc_custom_1520871478091{margin-top: 0px !important;margin-right: 0px !important;margin-bottom: 0px !important;margin-left: 0px !important;padding-top: 0px !important;padding-right: 0px !important;padding-bottom: 0px !important;padding-left: 0px !important;background-image: url(http:\/\/www.htcontrol.it\/wp\/wp-content\/uploads\/2018\/03\/htcontrol-sector-hmpg-002.jpg?id=75460) !important;background-position: center !important;background-repeat: no-repeat !important;background-size: cover !important;}&#8221;][vc_empty_space height=&#8221;170px&#8221;][vc_custom_heading text=&#8221;Celle<br \/>\nfrigorifere&#8221; font_container=&#8221;tag:h2|font_size:25px|text_align:center|color:%23ffffff|line_height:100%25&#8243; el_class=&#8221;homesector-BOXalt&#8221; link=&#8221;url:http%3A%2F%2Fwww.htcontrol.it%2Fwp%2Fgamma%2F|||&#8221;][\/vc_column_inner][vc_column_inner el_class=&#8221;htsector&#8221; width=&#8221;1\/3&#8243; offset=&#8221;vc_col-lg-4 vc_col-md-4 vc_col-xs-12&#8243; css=&#8221;.vc_custom_1520871487531{margin-top: 0px !important;margin-right: 0px !important;margin-bottom: 0px !important;margin-left: 0px !important;padding-top: 0px !important;padding-right: 0px !important;padding-bottom: 0px !important;padding-left: 0px !important;background-image: url(http:\/\/www.htcontrol.it\/wp\/wp-content\/uploads\/2018\/03\/htcontrol-sector-hmpg-003.jpg?id=75461) !important;background-position: center !important;background-repeat: no-repeat !important;background-size: cover !important;}&#8221;][vc_empty_space height=&#8221;170px&#8221;][vc_custom_heading text=&#8221;Armadi e banchi frigoriferi<br \/>\nrefrigerati per pasticcerie e gelaterie&#8221; font_container=&#8221;tag:h2|font_size:25px|text_align:center|color:%23ffffff|line_height:100%25&#8243; el_class=&#8221;homesector-BOX&#8221; link=&#8221;url:http%3A%2F%2Fwww.htcontrol.it%2Fwp%2Fgamma%2F|||&#8221;][\/vc_column_inner][\/vc_row_inner][vc_row_inner equal_height=&#8221;yes&#8221; content_placement=&#8221;middle&#8221;][vc_column_inner el_class=&#8221;htsector&#8221; width=&#8221;1\/3&#8243; offset=&#8221;vc_col-lg-4 vc_col-md-4 vc_col-xs-12&#8243; css=&#8221;.vc_custom_1520871496861{margin-top: 0px !important;margin-right: 0px !important;margin-bottom: 0px !important;margin-left: 0px !important;padding-top: 0px !important;padding-right: 0px !important;padding-bottom: 0px !important;padding-left: 0px !important;background-image: url(http:\/\/www.htcontrol.it\/wp\/wp-content\/uploads\/2018\/03\/htcontrol-sector-hmpg-004.jpg?id=75462) !important;background-position: center !important;background-repeat: no-repeat !important;background-size: cover !important;}&#8221;][vc_empty_space height=&#8221;170px&#8221;][vc_custom_heading text=&#8221;Frigoriferi per la conservazione<br \/>\ndi prodotti farmaceutici&#8221; font_container=&#8221;tag:h2|font_size:25px|text_align:center|color:%23ffffff|line_height:100%25&#8243; el_class=&#8221;homesector-BOXalt&#8221; link=&#8221;url:http%3A%2F%2Fwww.htcontrol.it%2Fwp%2Fgamma%2F|||&#8221;][\/vc_column_inner][vc_column_inner el_class=&#8221;htsector&#8221; width=&#8221;1\/3&#8243; offset=&#8221;vc_col-lg-4 vc_col-md-4 vc_col-xs-12&#8243; css=&#8221;.vc_custom_1520871505548{margin-top: 0px !important;margin-right: 0px !important;margin-bottom: 0px !important;margin-left: 0px !important;padding-top: 0px !important;padding-right: 0px !important;padding-bottom: 0px !important;padding-left: 0px !important;background-image: url(http:\/\/www.htcontrol.it\/wp\/wp-content\/uploads\/2018\/03\/htcontrol-sector-hmpg-005.jpg?id=75463) !important;background-position: center !important;background-repeat: no-repeat !important;background-size: cover !important;}&#8221;][vc_empty_space height=&#8221;170px&#8221;][vc_custom_heading text=&#8221;Frigoriferi e congelatori<br \/>\nper laboratori medicali&#8221; font_container=&#8221;tag:h2|font_size:25px|text_align:center|color:%23ffffff|line_height:100%25&#8243; el_class=&#8221;homesector-BOX&#8221; link=&#8221;url:http%3A%2F%2Fwww.htcontrol.it%2Fwp%2Fgamma%2F|||&#8221;][\/vc_column_inner][vc_column_inner el_class=&#8221;htsector&#8221; width=&#8221;1\/3&#8243; offset=&#8221;vc_col-lg-4 vc_col-md-4 vc_col-xs-12&#8243; css=&#8221;.vc_custom_1520871514803{margin-top: 0px !important;margin-right: 0px !important;margin-bottom: 0px !important;margin-left: 0px !important;padding-top: 0px !important;padding-right: 0px !important;padding-bottom: 0px !important;padding-left: 0px !important;background-image: url(http:\/\/www.htcontrol.it\/wp\/wp-content\/uploads\/2018\/03\/htcontrol-sector-hmpg-006.jpg?id=75464) !important;background-position: center !important;background-repeat: no-repeat !important;background-size: cover !important;}&#8221;][vc_empty_space height=&#8221;170px&#8221;][vc_custom_heading text=&#8221;Trasporto<br \/>\nrefrigerato&#8221; font_container=&#8221;tag:h2|font_size:25px|text_align:center|color:%23ffffff|line_height:100%25&#8243; el_class=&#8221;homesector-BOXalt&#8221; link=&#8221;url:http%3A%2F%2Fwww.htcontrol.it%2Fwp%2Fgamma%2F|||&#8221;][\/vc_column_inner][\/vc_row_inner][\/vc_column][\/vc_row][vc_row type=&#8221;full_width&#8221; background_color=&#8221;#ffffff&#8221; el_class=&#8221;align-center&#8221;][vc_column][vc_empty_space height=&#8221;50px&#8221;][\/vc_column][\/vc_row][vc_row background_color=&#8221;#ffffff&#8221; el_class=&#8221;align-center&#8221;][vc_column width=&#8221;1\/2&#8243;][vc_custom_heading text=&#8221;Produzione&#8221; font_container=&#8221;tag:h2|font_size:30px|text_align:left|color:%231b273d|line_height:100%25&#8243; css=&#8221;.vc_custom_1519826650067{padding-top: 30px !important;padding-right: 30px !important;padding-bottom: 30px !important;padding-left: 30px !important;background-image: url(http:\/\/www.htcontrol.it\/wp\/wp-content\/uploads\/2018\/02\/griglia3px20.png?id=75308) !important;background-position: 0 0 !important;background-repeat: repeat !important;}&#8221;][vc_empty_space height=&#8221;20px&#8221;][vc_column_text]<\/p>\n<p style=\"text-align: left;\">L\u2019adozione di un modello organizzativo evoluto consente a HT Control di produrre piattaforme di controllo predisposte per un grado elevato di personalizzazione&#8230;<\/p>\n<p>[\/vc_column_text][vc_empty_space height=&#8221;20px&#8221;][vc_btn title=&#8221;Continua&#8230;&#8221; shape=&#8221;square&#8221; color=&#8221;default&#8221; align=&#8221;left&#8221; link=&#8221;url:http%3A%2F%2Fwww.htcontrol.it%2Fwp%2Fproduzione%2F|title:Vai%20alla%20sezione||&#8221;][\/vc_column][vc_column width=&#8221;1\/2&#8243;][vc_single_image image=&#8221;75320&#8243; img_size=&#8221;full&#8221; alignment=&#8221;center&#8221; el_class=&#8221;imghome&#8221;][\/vc_column][\/vc_row][vc_row type=&#8221;full_width&#8221; background_color=&#8221;#ffffff&#8221; el_class=&#8221;align-center&#8221;][vc_column][vc_empty_space height=&#8221;50px&#8221;][\/vc_column][\/vc_row][vc_row row_type=&#8221;parallax&#8221; background_image=&#8221;http:\/\/www.htcontrol.it\/wp\/wp-content\/uploads\/2018\/03\/parallax-hmpg-blu-scuro.jpg&#8221; parallax_speed=&#8221;1.5&#8243; el_class=&#8221;align-center&#8221;][vc_column][vc_row_inner][vc_column_inner][vc_empty_space height=&#8221;50px&#8221;][\/vc_column_inner][\/vc_row_inner][vc_row_inner el_class=&#8221;blubox&#8221;][vc_column_inner width=&#8221;1\/2&#8243;][vc_single_image image=&#8221;75321&#8243; img_size=&#8221;full&#8221; alignment=&#8221;center&#8221; el_class=&#8221;imghomeblu&#8221;][\/vc_column_inner][vc_column_inner width=&#8221;1\/2&#8243;][vc_custom_heading text=&#8221;Qualit\u00e0&#8221; font_container=&#8221;tag:h2|font_size:30px|text_align:left|color:%23ffffff|line_height:100%25&#8243; css=&#8221;.vc_custom_1523025450963{padding-top: 30px !important;padding-right: 30px !important;padding-bottom: 30px !important;padding-left: 30px !important;background-image: url(http:\/\/www.htcontrol.it\/wp\/wp-content\/uploads\/2018\/03\/griglia3px80w-var.png?id=75632) !important;background-position: 0 0 !important;background-repeat: repeat !important;}&#8221; el_class=&#8221;qualitytitle-home&#8221;][vc_empty_space height=&#8221;20px&#8221;][vc_column_text]<\/p>\n<p style=\"text-align: left;\">La speciale attenzione riservata da HT Control alla qualit\u00e0 dei processi, alla sostenibilit\u00e0, alla salute e alla sicurezza sul lavoro \u00e8 attestata dal possesso&#8230;<\/p>\n<p>[\/vc_column_text][vc_empty_space height=&#8221;20px&#8221;][vc_btn title=&#8221;Continua&#8230;&#8221; shape=&#8221;square&#8221; color=&#8221;default&#8221; align=&#8221;left&#8221; link=&#8221;url:http%3A%2F%2Fwww.htcontrol.it%2Fwp%2Fqualita%2F|title:Vai%20alla%20sezione||&#8221; el_class=&#8221;bthomepage&#8221;][\/vc_column_inner][\/vc_row_inner][vc_row_inner][vc_column_inner][vc_empty_space height=&#8221;50px&#8221;][\/vc_column_inner][\/vc_row_inner][\/vc_column][\/vc_row]<\/p>\n","protected":false},"excerpt":{"rendered":"<p>[vc_row type=&#8221;full_width&#8221;][vc_column][rev_slider_vc alias=&#8221;htcontrol-homepage-it&#8221;][\/vc_column][\/vc_row][vc_row background_color=&#8221;#ffffff&#8221; el_class=&#8221;align-center&#8221; css=&#8221;.vc_custom_1519746522350{padding-top: 70px !important;}&#8221;][vc_column width=&#8221;1\/4&#8243;][vc_single_image image=&#8221;75623&#8243; img_size=&#8221;full&#8221; alignment=&#8221;center&#8221;][vc_empty_space height=&#8221;50px&#8221;][\/vc_column][vc_column width=&#8221;3\/4&#8243;][vc_custom_heading text=&#8221;Una realt\u00e0 evoluta, una certezza per chi si rivolge a settori delicati ed esigenti.&#8221; font_container=&#8221;tag:h2|font_size:30px|text_align:left|color:%231b273d|line_height:100%25&#8243; css=&#8221;.vc_custom_1519826624938{margin-bottom: 15px !important;}&#8221;][vc_column_text] HT Control progetta e realizza dal 1997 piattaforme personalizzabili di controllo e monitoraggio delle attrezzature per la refrigerazione commerciale, farmaceutica e medicale, sistemi [&hellip;]<\/p>\n","protected":false},"author":1,"featured_media":0,"parent":0,"menu_order":0,"comment_status":"closed","ping_status":"closed","template":"","meta":{"footnotes":""},"acf":[],"_links":{"self":[{"href":"https:\/\/www.htcontrol.it\/it\/wp-json\/wp\/v2\/pages\/75424"}],"collection":[{"href":"https:\/\/www.htcontrol.it\/it\/wp-json\/wp\/v2\/pages"}],"about":[{"href":"https:\/\/www.htcontrol.it\/it\/wp-json\/wp\/v2\/types\/page"}],"author":[{"embeddable":true,"href":"https:\/\/www.htcontrol.it\/it\/wp-json\/wp\/v2\/users\/1"}],"replies":[{"embeddable":true,"href":"https:\/\/www.htcontrol.it\/it\/wp-json\/wp\/v2\/comments?post=75424"}],"version-history":[{"count":44,"href":"https:\/\/www.htcontrol.it\/it\/wp-json\/wp\/v2\/pages\/75424\/revisions"}],"predecessor-version":[{"id":76477,"href":"https:\/\/www.htcontrol.it\/it\/wp-json\/wp\/v2\/pages\/75424\/revisions\/76477"}],"wp:attachment":[{"href":"https:\/\/www.htcontrol.it\/it\/wp-json\/wp\/v2\/media?parent=75424"}],"curies":[{"name":"wp","href":"https:\/\/api.w.org\/{rel}","templated":true}]}}