{"id":75494,"date":"2018-03-28T11:35:13","date_gmt":"2018-03-28T09:35:13","guid":{"rendered":"http:\/\/www.htcontrol.it\/wp\/?page_id=75494"},"modified":"2018-07-10T16:00:23","modified_gmt":"2018-07-10T14:00:23","slug":"qualita","status":"publish","type":"page","link":"https:\/\/www.htcontrol.it\/it\/qualita\/","title":{"rendered":"Qualit\u00e0"},"content":{"rendered":"<p>[vc_row type=&#8221;full_width&#8221;][vc_column][rev_slider_vc alias=&#8221;htcontrol-homepage-it&#8221;][\/vc_column][\/vc_row][vc_row type=&#8221;full_width&#8221; background_color=&#8221;#ffffff&#8221;][vc_column][vc_empty_space height=&#8221;50px&#8221;][\/vc_column][\/vc_row][vc_row background_color=&#8221;#ffffff&#8221;][vc_column][vc_custom_heading text=&#8221;Qualit\u00e0 integrale, dall\u2019organizzazione all\u2019ambiente, fino alla salute e alla sicurezza sul lavoro.&#8221; font_container=&#8221;tag:h2|font_size:30px|text_align:left|color:%231b273d|line_height:100%25&#8243; css=&#8221;.vc_custom_1522229674053{margin-bottom: 15px !important;}&#8221;][vc_empty_space height=&#8221;20px&#8221;][vc_column_text]La speciale attenzione riservata da HT Control alla qualit\u00e0 dei processi, alla sostenibilit\u00e0, alla salute e alla sicurezza sul lavoro \u00e8 attestata dal possesso dal 1996 della certificazione <strong>ISO 9001<\/strong>, dal 2015 della certificazione <strong>ISO 14001<\/strong> e dal 2018 della certificazione <strong>OHSAS 18001<\/strong>. A tutto questo si aggiunge che HT Control \u00e8 parte di Alfa Elettronica, dal 2013 fornitore certificato Toyota per la qualit\u00e0 delle forniture, delle tecnologie adottate, dei costi, della puntualit\u00e0 assoluta nelle consegne e del rispetto per l\u2019ambiente.[\/vc_column_text][\/vc_column][\/vc_row][vc_row type=&#8221;full_width&#8221; background_color=&#8221;#ffffff&#8221;][vc_column][vc_empty_space height=&#8221;50px&#8221;][\/vc_column][\/vc_row][vc_row type=&#8221;full_width&#8221; background_image=&#8221;http:\/\/www.htcontrol.it\/wp\/wp-content\/uploads\/2018\/03\/parallax-hmpg-blu-scuro.jpg&#8221;][vc_column][vc_row_inner][vc_column_inner][vc_empty_space height=&#8221;50px&#8221;][\/vc_column_inner][\/vc_row_inner][vc_row_inner equal_height=&#8221;yes&#8221; content_placement=&#8221;middle&#8221; el_class=&#8221;blubox&#8221; css=&#8221;.vc_custom_1522229594065{padding-right: 80px !important;padding-left: 80px !important;}&#8221;][vc_column_inner width=&#8221;1\/4&#8243;][vc_single_image image=&#8221;75655&#8243; img_size=&#8221;full&#8221; alignment=&#8221;center&#8221; el_class=&#8221;imghomeblu&#8221;][\/vc_column_inner][vc_column_inner el_class=&#8221;imageDX&#8221; width=&#8221;1\/4&#8243;][vc_single_image image=&#8221;75654&#8243; img_size=&#8221;full&#8221; alignment=&#8221;center&#8221; el_class=&#8221;imghomeblu&#8221;][\/vc_column_inner][vc_column_inner el_class=&#8221;imageDX&#8221; width=&#8221;1\/4&#8243;][vc_single_image image=&#8221;75656&#8243; img_size=&#8221;full&#8221; alignment=&#8221;center&#8221; el_class=&#8221;imghomeblu&#8221;][\/vc_column_inner][vc_column_inner el_class=&#8221;imageDX&#8221; width=&#8221;1\/4&#8243;][vc_single_image image=&#8221;75657&#8243; img_size=&#8221;full&#8221; alignment=&#8221;center&#8221; el_class=&#8221;imghomeblu&#8221;][\/vc_column_inner][\/vc_row_inner][vc_row_inner][vc_column_inner][vc_empty_space height=&#8221;50px&#8221;][\/vc_column_inner][\/vc_row_inner][\/vc_column][\/vc_row]<\/p>\n","protected":false},"excerpt":{"rendered":"<p>[vc_row type=&#8221;full_width&#8221;][vc_column][rev_slider_vc alias=&#8221;htcontrol-homepage-it&#8221;][\/vc_column][\/vc_row][vc_row type=&#8221;full_width&#8221; background_color=&#8221;#ffffff&#8221;][vc_column][vc_empty_space height=&#8221;50px&#8221;][\/vc_column][\/vc_row][vc_row background_color=&#8221;#ffffff&#8221;][vc_column][vc_custom_heading text=&#8221;Qualit\u00e0 integrale, dall\u2019organizzazione all\u2019ambiente, fino alla salute e alla sicurezza sul lavoro.&#8221; font_container=&#8221;tag:h2|font_size:30px|text_align:left|color:%231b273d|line_height:100%25&#8243; css=&#8221;.vc_custom_1522229674053{margin-bottom: 15px !important;}&#8221;][vc_empty_space height=&#8221;20px&#8221;][vc_column_text]La speciale attenzione riservata da HT Control alla qualit\u00e0 dei processi, alla sostenibilit\u00e0, alla salute e alla sicurezza sul lavoro \u00e8 attestata dal possesso dal 1996 della certificazione ISO 9001, dal 2015 [&hellip;]<\/p>\n","protected":false},"author":1,"featured_media":0,"parent":0,"menu_order":0,"comment_status":"closed","ping_status":"closed","template":"","meta":{"footnotes":""},"acf":[],"_links":{"self":[{"href":"https:\/\/www.htcontrol.it\/it\/wp-json\/wp\/v2\/pages\/75494"}],"collection":[{"href":"https:\/\/www.htcontrol.it\/it\/wp-json\/wp\/v2\/pages"}],"about":[{"href":"https:\/\/www.htcontrol.it\/it\/wp-json\/wp\/v2\/types\/page"}],"author":[{"embeddable":true,"href":"https:\/\/www.htcontrol.it\/it\/wp-json\/wp\/v2\/users\/1"}],"replies":[{"embeddable":true,"href":"https:\/\/www.htcontrol.it\/it\/wp-json\/wp\/v2\/comments?post=75494"}],"version-history":[{"count":5,"href":"https:\/\/www.htcontrol.it\/it\/wp-json\/wp\/v2\/pages\/75494\/revisions"}],"predecessor-version":[{"id":76481,"href":"https:\/\/www.htcontrol.it\/it\/wp-json\/wp\/v2\/pages\/75494\/revisions\/76481"}],"wp:attachment":[{"href":"https:\/\/www.htcontrol.it\/it\/wp-json\/wp\/v2\/media?parent=75494"}],"curies":[{"name":"wp","href":"https:\/\/api.w.org\/{rel}","templated":true}]}}